{"id":73,"date":"2020-05-01T11:25:46","date_gmt":"2020-05-01T09:25:46","guid":{"rendered":"https:\/\/med.popobar.cz\/?page_id=73"},"modified":"2021-10-02T19:50:01","modified_gmt":"2021-10-02T17:50:01","slug":"propolis","status":"publish","type":"page","link":"https:\/\/med.popobar.cz\/?page_id=73","title":{"rendered":"PROPOLIS"},"content":{"rendered":"<!-- wp:themify-builder\/canvas \/-->\n\n\n<h2 id=\"propolis\">Propolis<\/h2>\n\n\n\n<p class=\"has-white-color has-text-color\">.<\/p>\n\n\n\n<p>Propolis je l\u00e9k, st\u00e1hne d\u00e1sn\u011b. a tak.<\/p>\n\n\n\n<p>&#8230;. a barv\u00ed, po\u0159\u00e1dn\u011b vypl\u00e1chnout!<\/p>\n","protected":false},"excerpt":{"rendered":"<p>Propolis . Propolis je l\u00e9k, st\u00e1hne d\u00e1sn\u011b. a tak. &#8230;. a barv\u00ed, po\u0159\u00e1dn\u011b vypl\u00e1chnout!<\/p>\n","protected":false},"author":1,"featured_media":0,"parent":0,"menu_order":0,"comment_status":"closed","ping_status":"closed","template":"","meta":[],"builder_content":"\nPropolis je p\u0159\u00edrodn\u00ed l\u00e1tka z\u00edskan\u00e1 z balz\u00e1m\u016f prysky\u0159i\u010dn\u00e9 povahy, kterou v\u010dely sb\u00edraj\u00ed z r\u016fzn\u00fdch rostlin, kv\u011bt\u016f a l\u00e9\u010div\u00fdch bylin. V propolisu bylo zji\u0161t\u011bno 34 l\u00e9\u010div\u00fdch slo\u017eek. Propolis obsahuje 50-60 % prysky\u0159ic, 10-12 % \u00e9terick\u00fdch olej\u016f a asi 5 % pylu. Tyto l\u00e1tky maj\u00ed velmi p\u0159\u00edzniv\u00e9 \u00fa\u010dinky na lidsk\u00fd organismus. \u0160irok\u00e9 spektrum uhlovod\u00edk\u016f, mastn\u00fdch kyselin, terpenoid\u016f, vitam\u00edn\u016f a ostatn\u00edch organick\u00fdch l\u00e1tek zastupuje bohat\u00e9 spole\u010denstv\u00ed, kter\u00e9 se jinde v p\u0159\u00edrod\u011b nevyskytuje. Propolisov\u00e1 tinktura dokonale desinfikuje, ni\u010d\u00ed nebo omezuje r\u016fst n\u011bkter\u00fdch bakteri\u00ed, vir\u016f, pl\u00edsn\u00ed. M\u00e1 sv\u00edrav\u00e9 \u00fa\u010dinky a lok\u00e1ln\u011b tlum\u00ed bolest. Podporuje obranyschopnost organismu. Propolisov\u00e1 tinktura je podp\u016frn\u00fd prost\u0159edek k dezinfekci dutiny \u00fastn\u00ed a k\u016f\u017ee, p\u0159i nachlazen\u00ed a virov\u00fdch onemocn\u011bn\u00ed horn\u00edch cest d\u00fdchac\u00edch, k potla\u010den\u00ed infekc\u00ed a z\u00e1n\u011bt\u016f v dutin\u011b \u00fastn\u00ed a nosohltanu, k tlumen\u00ed bolesti zub\u016f a mas\u00e1\u017e\u00edm d\u00e1sn\u00ed p\u0159i paradent\u00f3ze a p\u0159i hojen\u00ed nerozs\u00e1hl\u00fdch pop\u00e1lenin. Je vhodn\u00e1 p\u0159i pl\u00eds\u0148ov\u00e9m a ekz\u00e9mov\u00e9m onemocn\u011bn\u00ed poko\u017eky. Pou\u017eit\u00ed p\u0159i dal\u0161\u00edch onemocn\u011bn\u00edch po porad\u011b s odborn\u00fdm l\u00e9ka\u0159em. Slo\u017een\u00ed : farmaceutick\u00fd alkohol max. 75%, propolis su\u0161ina max. 4% P\u0159\u00edpadn\u00fd sediment nen\u00ed na z\u00e1vadu. U\u017e\u00edv\u00e1n\u00ed: P\u0159ed j\u00eddlem - v medu, na cukr, v \u010daji, ml\u00e9ku, citr\u00f3nov\u00e9 \u0161\u0165\u00e1v\u011b. Alergii na propolis zjist\u00edme nat\u0159en\u00edm z\u00e1p\u011bst\u00ed na dlani. Pokud do 24 hodin k\u016f\u017ee nez\u010derven\u00e1, m\u016f\u017eeme propolis pou\u017e\u00edvat. Doba \u00fa\u010dinnosti je 2 roky.","_links":{"self":[{"href":"https:\/\/med.popobar.cz\/index.php?rest_route=\/wp\/v2\/pages\/73"}],"collection":[{"href":"https:\/\/med.popobar.cz\/index.php?rest_route=\/wp\/v2\/pages"}],"about":[{"href":"https:\/\/med.popobar.cz\/index.php?rest_route=\/wp\/v2\/types\/page"}],"author":[{"embeddable":true,"href":"https:\/\/med.popobar.cz\/index.php?rest_route=\/wp\/v2\/users\/1"}],"replies":[{"embeddable":true,"href":"https:\/\/med.popobar.cz\/index.php?rest_route=%2Fwp%2Fv2%2Fcomments&post=73"}],"version-history":[{"count":4,"href":"https:\/\/med.popobar.cz\/index.php?rest_route=\/wp\/v2\/pages\/73\/revisions"}],"predecessor-version":[{"id":374,"href":"https:\/\/med.popobar.cz\/index.php?rest_route=\/wp\/v2\/pages\/73\/revisions\/374"}],"wp:attachment":[{"href":"https:\/\/med.popobar.cz\/index.php?rest_route=%2Fwp%2Fv2%2Fmedia&parent=73"}],"curies":[{"name":"wp","href":"https:\/\/api.w.org\/{rel}","templated":true}]}}