{"id":71,"date":"2020-05-01T11:24:28","date_gmt":"2020-05-01T09:24:28","guid":{"rendered":"https:\/\/med.popobar.cz\/?page_id=71"},"modified":"2021-10-02T19:51:06","modified_gmt":"2021-10-02T17:51:06","slug":"med-kvetovy-pastovy","status":"publish","type":"page","link":"https:\/\/med.popobar.cz\/?page_id=71","title":{"rendered":"MED KV\u011aTOV\u00dd PASTOV\u00dd"},"content":{"rendered":"<!-- wp:themify-builder\/canvas \/-->\n\n\n<h1 id=\"pastovy\">Med kv\u011btov\u00fd pastov\u00fd<\/h1>\n\n\n\n<p class=\"has-white-color has-text-color\">.<\/p>\n\n\n\n<p>Med pastov\u00fd se ned\u011bl\u00e1 z pasty, ale je moc dobr\u00fd<\/p>\n","protected":false},"excerpt":{"rendered":"<p>Med kv\u011btov\u00fd pastov\u00fd . Med pastov\u00fd se ned\u011bl\u00e1 z pasty, ale je moc dobr\u00fd<\/p>\n","protected":false},"author":1,"featured_media":0,"parent":0,"menu_order":0,"comment_status":"closed","ping_status":"closed","template":"","meta":[],"builder_content":"\nP\u0159i za\u010d\u00ednaj\u00edc\u00ed krystalizaci vyto\u010den\u00e9ho medu m\u016f\u017eeme med takzvan\u011b pastovat. Jedn\u00e1 se o m\u00edch\u00e1n\u00ed medu za studena b\u011bhem asi \u010dty\u0159 a\u017e p\u011bti dn\u016f, sta\u010d\u00ed m\u00edchat \u010dtvrt hodiny ka\u017ed\u00fd den. Med d\u00edky t\u00e9to procedu\u0159e z\u00edsk\u00e1 b\u00edlou barvu a pastovitou konzistenci. Dob\u0159e se s n\u00edm potom nap\u0159\u00edklad ma\u017eou kraj\u00edce chleba, proto\u017ee nest\u00e9k\u00e1 z povrchu a neslepuje prsty. Kvalita medu se pastov\u00e1n\u00edm ani v nejmen\u0161\u00edm nezm\u011bn\u00ed.","_links":{"self":[{"href":"https:\/\/med.popobar.cz\/index.php?rest_route=\/wp\/v2\/pages\/71"}],"collection":[{"href":"https:\/\/med.popobar.cz\/index.php?rest_route=\/wp\/v2\/pages"}],"about":[{"href":"https:\/\/med.popobar.cz\/index.php?rest_route=\/wp\/v2\/types\/page"}],"author":[{"embeddable":true,"href":"https:\/\/med.popobar.cz\/index.php?rest_route=\/wp\/v2\/users\/1"}],"replies":[{"embeddable":true,"href":"https:\/\/med.popobar.cz\/index.php?rest_route=%2Fwp%2Fv2%2Fcomments&post=71"}],"version-history":[{"count":4,"href":"https:\/\/med.popobar.cz\/index.php?rest_route=\/wp\/v2\/pages\/71\/revisions"}],"predecessor-version":[{"id":376,"href":"https:\/\/med.popobar.cz\/index.php?rest_route=\/wp\/v2\/pages\/71\/revisions\/376"}],"wp:attachment":[{"href":"https:\/\/med.popobar.cz\/index.php?rest_route=%2Fwp%2Fv2%2Fmedia&parent=71"}],"curies":[{"name":"wp","href":"https:\/\/api.w.org\/{rel}","templated":true}]}}