{"id":221,"date":"2021-07-08T12:18:33","date_gmt":"2021-07-08T10:18:33","guid":{"rendered":"https:\/\/med.popobar.cz\/?page_id=221"},"modified":"2025-03-21T22:05:20","modified_gmt":"2025-03-21T21:05:20","slug":"homepage","status":"publish","type":"page","link":"https:\/\/med.popobar.cz\/","title":{"rendered":"Home"},"content":{"rendered":"\r\n<div class=\"wp-block-media-text alignwide is-stacked-on-mobile\">\r\n<figure class=\"wp-block-media-text__media\"><img loading=\"lazy\" width=\"1024\" height=\"683\" class=\"wp-image-124 size-full\" src=\"https:\/\/med.popobar.cz\/wp-content\/uploads\/2020\/05\/IMG_5161-1024x683.jpg\" alt=\"\" srcset=\"https:\/\/med.popobar.cz\/wp-content\/uploads\/2020\/05\/IMG_5161-1024x683.jpg 1024w, https:\/\/med.popobar.cz\/wp-content\/uploads\/2020\/05\/IMG_5161-scaled-600x400.jpg 600w, https:\/\/med.popobar.cz\/wp-content\/uploads\/2020\/05\/IMG_5161-1024x683-300x200.jpg 300w, https:\/\/med.popobar.cz\/wp-content\/uploads\/2020\/05\/IMG_5161-768x512.jpg 768w, https:\/\/med.popobar.cz\/wp-content\/uploads\/2020\/05\/IMG_5161-1536x1024.jpg 1536w\" sizes=\"(max-width: 1024px) 100vw, 1024px\" \/><\/figure>\r\n<div class=\"wp-block-media-text__content\">\r\n<p class=\"has-large-font-size\">Zde na obr\u00e1zku m\u016f\u017eete vid\u011bt kr\u00e1sn\u00e9 st\u00e1do labut\u00ed.<\/p>\r\n\r\n\r\n\r\n<p>Chov v\u010del a produkce medu, nebo chcete-li v\u010dela\u0159en\u00ed je jedno z nejstar\u0161\u00edch lidov\u00fdch \u0159emesel na Slov\u00e1cku. A\u017e do rozvoje p\u011bstov\u00e1n\u00ed cukrov\u00e9 \u0159epy a cukrovarnictv\u00ed byl med nejdostupn\u011bj\u0161\u00edm a nejpou\u017e\u00edvan\u011bj\u0161\u00edm sladidlem. Nen\u00ed to je\u0161t\u011b tak d\u00e1vno, kdy u t\u00e9m\u011b\u0159 ka\u017ed\u00e9ho staven\u00ed st\u00e1lo n\u011bkolik v\u010del\u00edch \u00fal\u016f. V\u010dela\u0159en\u00ed se aktivn\u011b v\u011bnujeme od roku 1998. V\u010delstva m\u00e1me um\u00edst\u011bna na n\u011bkolika v\u010delnic\u00edch u lesa, nedaleko obce Popovice. Nav\u00e1zali jsme na rodinnou tradici chovu v\u010del zalo\u017eenou n\u011bkdy kolem poloviny minul\u00e9ho stolet\u00ed Anton\u00ednem Knotem. Zpo\u010d\u00e1tku jsme vlastnili p\u00e1r v\u010delstev a v\u010dela\u0159en\u00ed bylo pouze na\u0161im kon\u00ed\u010dkem. S p\u0159ib\u00fdvaj\u00edc\u00edmi zku\u0161enostmi se po\u010det v\u010delstev rozrostl a pomalu budujeme sob\u011bsta\u010dn\u00e9 hospod\u00e1\u0159stv\u00ed. D\u016fraz klademe na prvot\u0159\u00eddn\u00ed kvalitu sv\u00e9ho medu a zdravotn\u00ed stav v\u010delstev. Pravideln\u011b se z\u00fa\u010dast\u0148ujeme sout\u011b\u017e\u00ed po\u0159\u00e1dan\u00fdch \u010cesk\u00fdm Svazem V\u010dela\u0159\u016f. Z\u00edskali jsme spoustu ocen\u011bn\u00ed a certifik\u00e1t\u016f kvality medu. Ke v\u010dela\u0159en\u00ed a l\u00e1sce k p\u0159\u00edrod\u011b vedeme i na\u0161e dv\u011b dcery. Na v\u010delnici n\u011bkolikr\u00e1t do roka po\u0159\u00e1d\u00e1me p\u0159edn\u00e1\u0161ky a uk\u00e1zky pr\u00e1ce se v\u010delstvy pro \u017e\u00e1ky mate\u0159sk\u00fdch i z\u00e1kladn\u00edch \u0161kol. Na\u0161\u00ed prac\u00ed na v\u010delnici nep\u0159in\u00e1\u0161\u00edme u\u017eitek jenom sob\u011b a sv\u00fdm z\u00e1kazn\u00edk\u016fm v podob\u011b medu. V\u010dely svou opylovac\u00ed \u010dinnost\u00ed napom\u00e1haj\u00ed bohat\u0161\u00ed \u00farod\u011b ovoce a zeleniny v \u0161irok\u00e9m okol\u00ed.<\/p>\r\n<\/div>\r\n<\/div>\r\n\r\n\r\n\r\n<h2 id=\"o-nas\" class=\"has-white-color has-text-color\">H<\/h2>\r\n\r\n\r\n\r\n<p class=\"has-huge-font-size\">O n\u00e1s<\/p>\r\n\r\n\r\n<hr class=\"wp-block-separator\" \/>\r\n\r\n\r\n<h3 id=\"produkty\" class=\"has-white-color has-text-color\">H3 Produkty<\/h3>\r\n\r\n\r\n\r\n<p class=\"has-white-color has-text-color\">.<\/p>\r\n\r\n\r\n\r\n<p class=\"has-huge-font-size\">Produkty:<\/p>\r\n\r\n\r\n\n<div class=\"wp-block-buttons\">\n<div class=\"wp-block-button is-style-fill\"><a class=\"wp-block-button__link has-background\" href=\"https:\/\/med.popobar.cz\/?page_id=71#pastovy\" style=\"background-color:#ecc94a\" rel=\"https:\/\/med.popobar.cz\/?page_id=69\">MED KV\u011aTOV\u00dd PASTOV\u00dd<\/a><\/div>\n\n\n\n<div class=\"wp-block-button\"><a class=\"wp-block-button__link has-background\" href=\"https:\/\/med.popobar.cz\/?page_id=69#kvetovy\" style=\"background:linear-gradient(135deg,rgba(255,190,10,0.89) 33%,rgb(219,88,0) 100%)\">MED KV\u011aTOV\u00dd<\/a><\/div>\n\n\n\n<div class=\"wp-block-button\"><a class=\"wp-block-button__link has-background\" href=\"https:\/\/med.popobar.cz\/?page_id=73#propolis\" style=\"background-color:#963f00\">PROPOLIS<\/a><\/div>\n<\/div>\n\n\n\n<div class=\"alignnormal\"><div id=\"metaslider-id-302\" style=\"max-width: 700px;\" class=\"ml-slider-3-23-0 metaslider metaslider-flex metaslider-302 ml-slider\">\n    <div id=\"metaslider_container_302\">\n        <div id=\"metaslider_302\">\n            <ul aria-live=\"polite\" class=\"slides\">\n                <li style=\"display: block; width: 100%;\" class=\"slide-306 ms-image\"><img width=\"2047\" height=\"2560\" src=\"https:\/\/med.popobar.cz\/wp-content\/uploads\/2021\/07\/205798058_916227428940526_5419416495461764693_n-scaled.jpg\" class=\"slider-302 slide-306\" alt=\"\" loading=\"lazy\" rel=\"\" title=\"205798058_916227428940526_5419416495461764693_n\" srcset=\"https:\/\/med.popobar.cz\/wp-content\/uploads\/2021\/07\/205798058_916227428940526_5419416495461764693_n-scaled.jpg 2047w, https:\/\/med.popobar.cz\/wp-content\/uploads\/2021\/07\/205798058_916227428940526_5419416495461764693_n-240x300.jpg 240w, https:\/\/med.popobar.cz\/wp-content\/uploads\/2021\/07\/205798058_916227428940526_5419416495461764693_n-819x1024.jpg 819w, https:\/\/med.popobar.cz\/wp-content\/uploads\/2021\/07\/205798058_916227428940526_5419416495461764693_n-768x960.jpg 768w, https:\/\/med.popobar.cz\/wp-content\/uploads\/2021\/07\/205798058_916227428940526_5419416495461764693_n-1228x1536.jpg 1228w, https:\/\/med.popobar.cz\/wp-content\/uploads\/2021\/07\/205798058_916227428940526_5419416495461764693_n-1638x2048.jpg 1638w\" sizes=\"(max-width: 2047px) 100vw, 2047px\" \/><\/li>\n                <li style=\"display: none; width: 100%;\" class=\"slide-304 ms-image\"><img width=\"1706\" height=\"2560\" src=\"https:\/\/med.popobar.cz\/wp-content\/uploads\/2021\/07\/214512129_849243056005054_8668376124363090044_n-scaled.jpg\" class=\"slider-302 slide-304\" alt=\"\" loading=\"lazy\" rel=\"\" title=\"214512129_849243056005054_8668376124363090044_n\" srcset=\"https:\/\/med.popobar.cz\/wp-content\/uploads\/2021\/07\/214512129_849243056005054_8668376124363090044_n-scaled.jpg 1706w, https:\/\/med.popobar.cz\/wp-content\/uploads\/2021\/07\/214512129_849243056005054_8668376124363090044_n-200x300.jpg 200w, https:\/\/med.popobar.cz\/wp-content\/uploads\/2021\/07\/214512129_849243056005054_8668376124363090044_n-682x1024.jpg 682w, https:\/\/med.popobar.cz\/wp-content\/uploads\/2021\/07\/214512129_849243056005054_8668376124363090044_n-768x1152.jpg 768w, https:\/\/med.popobar.cz\/wp-content\/uploads\/2021\/07\/214512129_849243056005054_8668376124363090044_n-1024x1536.jpg 1024w, https:\/\/med.popobar.cz\/wp-content\/uploads\/2021\/07\/214512129_849243056005054_8668376124363090044_n-1365x2048.jpg 1365w\" sizes=\"(max-width: 1706px) 100vw, 1706px\" \/><\/li>\n                <li style=\"display: none; width: 100%;\" class=\"slide-303 ms-image\"><img width=\"1660\" height=\"2490\" src=\"https:\/\/med.popobar.cz\/wp-content\/uploads\/2021\/07\/214859761_2021301961350134_6214365946020315296_n.jpg\" class=\"slider-302 slide-303\" alt=\"\" loading=\"lazy\" rel=\"\" title=\"214859761_2021301961350134_6214365946020315296_n\" srcset=\"https:\/\/med.popobar.cz\/wp-content\/uploads\/2021\/07\/214859761_2021301961350134_6214365946020315296_n.jpg 1660w, https:\/\/med.popobar.cz\/wp-content\/uploads\/2021\/07\/214859761_2021301961350134_6214365946020315296_n-200x300.jpg 200w, https:\/\/med.popobar.cz\/wp-content\/uploads\/2021\/07\/214859761_2021301961350134_6214365946020315296_n-683x1024.jpg 683w, https:\/\/med.popobar.cz\/wp-content\/uploads\/2021\/07\/214859761_2021301961350134_6214365946020315296_n-768x1152.jpg 768w, https:\/\/med.popobar.cz\/wp-content\/uploads\/2021\/07\/214859761_2021301961350134_6214365946020315296_n-1024x1536.jpg 1024w, https:\/\/med.popobar.cz\/wp-content\/uploads\/2021\/07\/214859761_2021301961350134_6214365946020315296_n-1365x2048.jpg 1365w\" sizes=\"(max-width: 1660px) 100vw, 1660px\" \/><\/li>\n            <\/ul>\n        <\/div>\n        \n    <\/div>\n<\/div><\/div>\n\r\n\r\n\r\n<p class=\"has-white-color has-text-color\">&#8211;<\/p>\r\n\r\n\r\n<hr class=\"wp-block-separator\" \/>\r\n\r\n\r\n<h4 id=\"kontakt\" class=\"has-white-color has-text-color\">H4 Kontakt<\/h4>\r\n\r\n\r\n\r\n<p class=\"has-white-color has-text-color\">.<\/p>\r\n\r\n\r\n\r\n<p class=\"has-huge-font-size\">Kontakt:<\/p>\r\n\r\n\r\n\r\n<p><br \/>Karel a Blanka Zelinkovi<br \/>Popovice 142, 686 04<br \/>686 04 po\u0161ta Kunovice<br \/><strong><a href=\"Tel:608416046\">Tel.: +420 608 416 046<\/a><br \/><a href=\"mailto:k.zelinka@seznam.cz\">E-mail: k.zelinka@seznam.cz<\/a><br \/><a href=\"https:\/\/www.google.com\/maps\/place\/Popovice+137,+686+04+Popovice\/@49.0538555,17.5256435,3a,75y,173.19h,92.07t\/data=!3m6!1e1!3m4!1s5sEBLDi15_tS-4c3cvtgoQ!2e0!7i13312!8i6656!4m13!1m7!3m6!1s0x471314cfb56a337d:0x400af0f6615ad90!2s686+04+Popovice!3b1!8m2!3d49.0525513!4d17.5271323!3m4!1s0x471314dba757005b:0x7c56de2f21ae9528!8m2!3d49.0540462!4d17.5265257\">Google maps<\/a><br \/><a href=\"https:\/\/mapy.cz\/zakladni?x=17.5256650&amp;y=49.0538544&amp;z=19&amp;pano=1&amp;source=coor&amp;id=17.525752053833003%2C49.05384051561213&amp;pid=51360896&amp;yaw=3.091&amp;fov=1.570&amp;pitch=-0.007\">mapy.cz<\/a><\/strong><\/p>\r\n\r\n\r\n\r\n<div class=\"alignnormal\"><div id=\"metaslider-id-305\" style=\"max-width: 700px;\" class=\"ml-slider-3-23-0 metaslider metaslider-flex metaslider-305 ml-slider\">\n    <div id=\"metaslider_container_305\">\n        <div id=\"metaslider_305\">\n            <ul aria-live=\"polite\" class=\"slides\">\n                <li style=\"display: block; width: 100%;\" class=\"slide-307 ms-image\"><img src=\"https:\/\/med.popobar.cz\/wp-content\/uploads\/2020\/05\/IMG-11-scaled-700x300.jpg\" height=\"300\" width=\"700\" alt=\"\" class=\"slider-305 slide-307\" title=\"IMG 11\" \/><\/li>\n                <li style=\"display: none; width: 100%;\" class=\"slide-314 ms-image\"><img src=\"https:\/\/med.popobar.cz\/wp-content\/uploads\/2021\/07\/214151265_494053115016811_2953321505258973308_n-scaled-700x300.jpg\" height=\"300\" width=\"700\" alt=\"\" class=\"slider-305 slide-314\" title=\"214151265_494053115016811_2953321505258973308_n\" \/><\/li>\n                <li style=\"display: none; width: 100%;\" class=\"slide-308 ms-image\"><img src=\"https:\/\/med.popobar.cz\/wp-content\/uploads\/2021\/07\/213771745_501555637586512_4323879629644587172_n-scaled-700x300.jpg\" height=\"300\" width=\"700\" alt=\"\" class=\"slider-305 slide-308\" title=\"213771745_501555637586512_4323879629644587172_n\" \/><\/li>\n                <li style=\"display: none; width: 100%;\" class=\"slide-309 ms-image\"><img src=\"https:\/\/med.popobar.cz\/wp-content\/uploads\/2021\/07\/215641640_336756888103889_6466946415080832346_n-scaled-700x300.jpg\" height=\"300\" width=\"700\" alt=\"\" class=\"slider-305 slide-309\" title=\"215641640_336756888103889_6466946415080832346_n\" \/><\/li>\n                <li style=\"display: none; width: 100%;\" class=\"slide-310 ms-image\"><img src=\"https:\/\/med.popobar.cz\/wp-content\/uploads\/2021\/07\/214159946_357004922433504_7967432676555669465_n-700x300.png\" height=\"300\" width=\"700\" alt=\"\" class=\"slider-305 slide-310\" title=\"214159946_357004922433504_7967432676555669465_n\" \/><\/li>\n                <li style=\"display: none; width: 100%;\" class=\"slide-311 ms-image\"><img src=\"https:\/\/med.popobar.cz\/wp-content\/uploads\/2021\/07\/214644782_843081756586795_1678060526916165118_n-700x300.png\" height=\"300\" width=\"700\" alt=\"\" class=\"slider-305 slide-311\" title=\"214644782_843081756586795_1678060526916165118_n\" \/><\/li>\n            <\/ul>\n        <\/div>\n        \n    <\/div>\n<\/div><\/div>\r\n\r\n\r\n<hr class=\"wp-block-separator\" \/>\r\n\r\n<!-- wp:themify-builder\/canvas \/-->\r\n\r\n\r\n<p>&nbsp;<\/p>\r\n","protected":false},"excerpt":{"rendered":"<p>Zde na obr\u00e1zku m\u016f\u017eete vid\u011bt kr\u00e1sn\u00e9 st\u00e1do labut\u00ed. Chov v\u010del a produkce medu, nebo chcete-li v\u010dela\u0159en\u00ed je jedno z nejstar\u0161\u00edch lidov\u00fdch \u0159emesel na Slov\u00e1cku. A\u017e do rozvoje p\u011bstov\u00e1n\u00ed cukrov\u00e9 \u0159epy a cukrovarnictv\u00ed byl med nejdostupn\u011bj\u0161\u00edm a nejpou\u017e\u00edvan\u011bj\u0161\u00edm sladidlem. Nen\u00ed to [&hellip;]<\/p>\n","protected":false},"author":1,"featured_media":0,"parent":0,"menu_order":0,"comment_status":"closed","ping_status":"closed","template":"","meta":[],"builder_content":"","_links":{"self":[{"href":"https:\/\/med.popobar.cz\/index.php?rest_route=\/wp\/v2\/pages\/221"}],"collection":[{"href":"https:\/\/med.popobar.cz\/index.php?rest_route=\/wp\/v2\/pages"}],"about":[{"href":"https:\/\/med.popobar.cz\/index.php?rest_route=\/wp\/v2\/types\/page"}],"author":[{"embeddable":true,"href":"https:\/\/med.popobar.cz\/index.php?rest_route=\/wp\/v2\/users\/1"}],"replies":[{"embeddable":true,"href":"https:\/\/med.popobar.cz\/index.php?rest_route=%2Fwp%2Fv2%2Fcomments&post=221"}],"version-history":[{"count":48,"href":"https:\/\/med.popobar.cz\/index.php?rest_route=\/wp\/v2\/pages\/221\/revisions"}],"predecessor-version":[{"id":386,"href":"https:\/\/med.popobar.cz\/index.php?rest_route=\/wp\/v2\/pages\/221\/revisions\/386"}],"wp:attachment":[{"href":"https:\/\/med.popobar.cz\/index.php?rest_route=%2Fwp%2Fv2%2Fmedia&parent=221"}],"curies":[{"name":"wp","href":"https:\/\/api.w.org\/{rel}","templated":true}]}}